{"id":1941,"date":"2022-11-29T12:30:55","date_gmt":"2022-11-29T15:30:55","guid":{"rendered":"https:\/\/www.panificadorasantelmo.com.br\/site\/?page_id=1941"},"modified":"2022-11-29T12:33:38","modified_gmt":"2022-11-29T15:33:38","slug":"politica-de-cookie","status":"publish","type":"page","link":"https:\/\/www.panificadorasantelmo.com.br\/site\/politica-de-cookie\/","title":{"rendered":"Pol\u00edtica de Cookie"},"content":{"rendered":"\n<p><strong>O que \u00e9 um cookie?<\/strong><\/p>\n\n\n\n<p>No \u00e2mbito de nosso Website, nossa Empresa poder\u00e1 utilizar instru\u00e7\u00f5es eletr\u00f4nicas, conhecidas como cookies (&#8220;cookies&#8221;), que ser\u00e3o armazenadas no disco do seu computador ou em seu dispositivo m\u00f3vel.<\/p>\n\n\n\n<p>No momento que \u00e9 realizada a consulta de um site de Internet, os cookies podem enviar informa\u00e7\u00f5es ao navegador do usu\u00e1rio e permitir que esse navegador envie informa\u00e7\u00f5es ao site de origem (por exemplo: ID da sess\u00e3o, escolha de um idioma e outras prefer\u00eancias no site).<\/p>\n\n\n\n<p>Apenas o emissor de um cookie pode ler ou alterar as informa\u00e7\u00f5es nele contidas.<\/p>\n\n\n\n<p><strong>Porque utilizamos cookies?<\/strong><\/p>\n\n\n\n<p>Utilizamos cookies para assegurar que lhe proporcionamos a melhor experi\u00eancia de visita ao nosso site. Os cookies nos permitem fornecer funcionalidades essenciais como a seguran\u00e7a, a gest\u00e3o de rede e a acessibilidade. Melhoram a utiliza\u00e7\u00e3o e performance do site atrav\u00e9s de v\u00e1rias funcionalidades, tais como o reconhecimento da l\u00edngua, resultados de pesquisa e, nessa medida, nos permitem melhorar a nossa oferta para voc\u00ea. O nosso site pode tamb\u00e9m utilizar cookies de terceiros para enviar publicidade que seja relevante para voc\u00ea.<\/p>\n\n\n\n<p>Para que servem os cookies utilizados em nosso site?<\/p>\n\n\n\n<p><strong>Funcionamento<\/strong><br>Alguns cookies s\u00e3o necess\u00e1rios para o funcionamento de nosso Website, mas voc\u00ea det\u00e9m o poder de desliga-los ou configur\u00e1-los. No entanto, isso poder\u00e1 alterar a forma como interage com o nosso website.<\/p>\n\n\n\n<p><strong>Performance<\/strong><br>Estes cookies recolhem informa\u00e7\u00e3o sobre como voc\u00ea usa o site. Os cookies nos ajudam, por exemplo, a identificar \u00e1reas especialmente populares do nosso site. Dessa forma, podemos adaptar o conte\u00fado de nosso site mais especificamente \u00e0s suas necessidades e, assim, melhorar a experi\u00eancia do cliente e eventualmente, facilitar sua navega\u00e7\u00e3o com as caracter\u00edsticas, prefer\u00eancias e qualidade das informa\u00e7\u00f5es veiculadas \u00e0 sua navega\u00e7\u00e3o.<\/p>\n\n\n\n<p><strong>Publicidade:<\/strong><br>Estes cookies s\u00e3o utilizados para enviar publicidade e informa\u00e7\u00e3o promocional que seja relevante para si, por ex., tendo por refer\u00eancia as p\u00e1ginas que visita.<\/p>\n\n\n\n<p><strong>Como gerenciar cookies no nosso site?<\/strong><br>Para lhe proporcionar a melhor experi\u00eancia na gest\u00e3o de cookies, n\u00f3s classificamos os cookies deste site em tr\u00eas categorias, tendo por base a sua finalidade: Funcionamento, performance e publicidade.<\/p>\n\n\n\n<p>Voc\u00ea poder\u00e1 ativar e desativar quaisquer categorias de cookies acima identificadas.<\/p>\n\n\n\n<p><strong>Altera\u00e7\u00e3o<\/strong><br>Reservamo-nos o direito de revisar esta Pol\u00edtica, a qualquer tempo, seja pela utiliza\u00e7\u00e3o de novas tecnologias ou sempre que nossa empresa entender necess\u00e1rio.<\/p>\n\n\n\n<p>A Pol\u00edtica atualizada ser\u00e1 publicada em nosso site, motivo pelos qual recomendamos periodicamente verific\u00e1-la.<\/p>\n\n\n\n<p>Nosso site usa cookies para medir a performance do site, para mostrar publicidade e conte\u00fado personalizado. Caso pretenda saber mais sobre os cookies que utilizamos e como geri-los, pode acessar nossa Pol\u00edtica de Cookies ou clicar na op\u00e7\u00e3o \u201cGerenciar os Cookies\u201d.<\/p>\n\n\n\n<p><\/p>\n","protected":false},"excerpt":{"rendered":"<p>O que \u00e9 um cookie? No \u00e2mbito de nosso Website, nossa Empresa poder\u00e1 utilizar instru\u00e7\u00f5es eletr\u00f4nicas, conhecidas como cookies (&#8220;cookies&#8221;), que ser\u00e3o [&hellip;]<\/p>\n","protected":false},"author":1,"featured_media":0,"parent":0,"menu_order":0,"comment_status":"closed","ping_status":"closed","template":"","meta":{"footnotes":""},"class_list":["post-1941","page","type-page","status-publish","hentry"],"_links":{"self":[{"href":"https:\/\/www.panificadorasantelmo.com.br\/site\/wp-json\/wp\/v2\/pages\/1941","targetHints":{"allow":["GET"]}}],"collection":[{"href":"https:\/\/www.panificadorasantelmo.com.br\/site\/wp-json\/wp\/v2\/pages"}],"about":[{"href":"https:\/\/www.panificadorasantelmo.com.br\/site\/wp-json\/wp\/v2\/types\/page"}],"author":[{"embeddable":true,"href":"https:\/\/www.panificadorasantelmo.com.br\/site\/wp-json\/wp\/v2\/users\/1"}],"replies":[{"embeddable":true,"href":"https:\/\/www.panificadorasantelmo.com.br\/site\/wp-json\/wp\/v2\/comments?post=1941"}],"version-history":[{"count":0,"href":"https:\/\/www.panificadorasantelmo.com.br\/site\/wp-json\/wp\/v2\/pages\/1941\/revisions"}],"wp:attachment":[{"href":"https:\/\/www.panificadorasantelmo.com.br\/site\/wp-json\/wp\/v2\/media?parent=1941"}],"curies":[{"name":"wp","href":"https:\/\/api.w.org\/{rel}","templated":true}]}}