{"id":1935,"date":"2022-11-29T12:47:58","date_gmt":"2022-11-29T15:47:58","guid":{"rendered":"https:\/\/www.panificadorasantelmo.com.br\/site\/?page_id=1935"},"modified":"2022-11-29T12:48:04","modified_gmt":"2022-11-29T15:48:04","slug":"termos-de-uso","status":"publish","type":"page","link":"https:\/\/www.panificadorasantelmo.com.br\/site\/termos-de-uso\/","title":{"rendered":"Termos de Uso"},"content":{"rendered":"\n<ol class=\"wp-block-list\">\n<li><strong>Termos de Us<\/strong>o<\/li>\n<\/ol>\n\n\n\n<p>O acesso e o uso da URL do site (https:\/\/www.panificadorasantelmo.com.br) \u00e9 fornecido por PANIFICADORA E CONFEITARIA SANTELMO LTDA nos termos e condi\u00e7\u00f5es estabelecidos abaixo. Ao acessar e usar o Site, voc\u00ea estar\u00e1 vinculado a estes termos. Por favor, note que estes termos est\u00e3o sujeitos a altera\u00e7\u00f5es de tempos em tempos, por isso devem ser verificados regularmente. O uso cont\u00ednuo deste Site ser\u00e1 considerado a aceita\u00e7\u00e3o dos termos e condi\u00e7\u00f5es atualizados ou alterados.<\/p>\n\n\n\n<ol class=\"wp-block-list\" start=\"2\">\n<li><strong>Uso do Site<\/strong><\/li>\n<\/ol>\n\n\n\n<p>Voc\u00ea reconhece que deve usar o Site apenas para fins legais, para seu pr\u00f3prio uso pessoal ou interno de neg\u00f3cios.<\/p>\n\n\n\n<ol class=\"wp-block-list\" start=\"3\">\n<li><strong>Direitos autorais<\/strong><\/li>\n<\/ol>\n\n\n\n<p>Todos os direitos autorais, marcas comerciais, direitos de design, patentes e outros direitos de propriedade intelectual neste Site s\u00e3o de propriedade da PANIFICADORA E CONFEITARIA SANTELMO LTDA ou seus licenciadores. Todos os avisos de direitos autorais em qualquer material original devem ser retidos.<\/p>\n\n\n\n<p>Exceto por informa\u00e7\u00f5es relacionadas aos seus dados pessoais (por exemplo, informa\u00e7\u00f5es fornecidas em formul\u00e1rios de contato), voc\u00ea concede a PANIFICADORA E CONFEITARIA SANTELMO LTDA, permiss\u00e3o, n\u00e3o exclusiva, livre de royalties para usar, copiar, reproduzir, processar, modificar, publicar, transmitir e exibir qualquer conte\u00fado que voc\u00ea enviar no Site para quaisquer fins.<\/p>\n\n\n\n<p>Este Site n\u00e3o pode ser modificado, desmontado, descompilado ou feito engenharia reversa de forma alguma. Nenhuma parte do Site pode ser reproduzida sem nossa permiss\u00e3o expressa.<\/p>\n\n\n\n<ol class=\"wp-block-list\" start=\"4\">\n<li><strong>Disponibilidade<\/strong><\/li>\n<\/ol>\n\n\n\n<p>Embora nos esforcemos para garantir que a disponibilidade do Site permane\u00e7a alta e mantenha a continuidade do Site, a internet nem sempre \u00e9 um ambiente est\u00e1vel e n\u00e3o seremos respons\u00e1veis se, por qualquer motivo, o Site estiver indispon\u00edvel a qualquer momento. O acesso ao Site pode ser suspenso temporariamente e sem aviso pr\u00e9vio em caso de falha no sistema, manuten\u00e7\u00e3o ou reparo ou por raz\u00f5es al\u00e9m do nosso controle.<\/p>\n\n\n\n<p>N\u00e3o seremos responsabilizados por qualquer falha na presta\u00e7\u00e3o ou atraso na presta\u00e7\u00e3o de um servi\u00e7o atrav\u00e9s deste Site resultante de qualquer ocorr\u00eancia al\u00e9m de nosso controle razo\u00e1vel, incluindo greves (sem limita\u00e7\u00e3o), quebra de sistemas ou acesso \u00e0 rede, inc\u00eandio, explos\u00e3o ou falha de acidentes de qualquer provedor de telecomunica\u00e7\u00f5es ou servi\u00e7os de terceiros.<\/p>\n\n\n\n<ol class=\"wp-block-list\" start=\"5\">\n<li><strong>Uso permitido<\/strong><\/li>\n<\/ol>\n\n\n\n<p>N\u00f3s lhe concedemos permiss\u00e3o para acessar e usar nosso site, sujeito \u00e0s seguintes condi\u00e7\u00f5es:<\/p>\n\n\n\n<p>i. N\u00e3o distribuir nenhuma parte ou parte do Site, incluindo, mas n\u00e3o se limitando a qualquer conte\u00fado do site, em qualquer meio sem nossa autoriza\u00e7\u00e3o pr\u00e9via;<br>ii. N\u00e3o alterar ou modificar qualquer parte do Site;<br>iii. N\u00e3o desativar ou interferir com quaisquer recursos relacionados \u00e0 seguran\u00e7a do Site;<br>iv. N\u00e3o usar o Site de forma alguma que seja, ou pode estar afetando o acesso do usu\u00e1rio a este Site;<br>v. N\u00e3o usar, o Site para qualquer finalidade que seja ilegal, difamat\u00f3ria, assediadora, abusiva, fraudulenta ou obscena ou de qualquer outra forma inadequada.<\/p>\n\n\n\n<p>Qualquer viola\u00e7\u00e3o das condi\u00e7\u00f5es acima mencionadas constituir\u00e1 uma viola\u00e7\u00e3o dos Termos e Condi\u00e7\u00f5es do Site<\/p>\n\n\n\n<ol class=\"wp-block-list\" start=\"6\">\n<li><strong>Viola\u00e7\u00e3o dos Termos e Condi\u00e7\u00f5es do Site<\/strong><\/li>\n<\/ol>\n\n\n\n<p>Se considerarmos que voc\u00ea violou qualquer um desses termos de uso aceit\u00e1veis do Site, podemos tomar medidas apropriadas, incluindo, mas n\u00e3o se limitando a:<\/p>\n\n\n\n<p>i. Emitir um aviso para voc\u00ea.<br>ii. Processo judicial contra voc\u00ea para reembolso de todos os custos em uma base indeniza\u00e7\u00e3o resultante da viola\u00e7\u00e3o.<br>iii. Se voc\u00ea \u00e9 um usu\u00e1rio registrado, retirada tempor\u00e1ria ou permanente do seu direito de usar nosso site.<br>iv. A divulga\u00e7\u00e3o dessas informa\u00e7\u00f5es \u00e0s autoridades policiais, se acharmos razoavelmente necess\u00e1ria.<br>Exclu\u00edmos a responsabilidade por a\u00e7\u00f5es tomadas em resposta a viola\u00e7\u00f5es destes termos de uso aceit\u00e1veis do Site. As respostas descritas acima n\u00e3o s\u00e3o limitadas, e podemos tomar qualquer outra a\u00e7\u00e3o que consideremos razoavelmente apropriadas.<\/p>\n\n\n\n<ol class=\"wp-block-list\" start=\"7\">\n<li><strong>Isen\u00e7\u00e3o de responsabilidade<\/strong><\/li>\n<\/ol>\n\n\n\n<p>O acesso e o uso do Site s\u00e3o por sua conta e risco. O Site \u00e9 fornecido em uma base &#8220;como est\u00e1&#8221;. A PANIFICADORA E CONFEITARIA SANTELMO LTDA n\u00e3o faz garantias, representa\u00e7\u00f5es ou compromissos sobre qualquer conte\u00fado deste Site. Se for o caso, seus direitos estatut\u00e1rios n\u00e3o s\u00e3o afetados por esses termos.<\/p>\n\n\n\n<p>Em particular, a PANIFICADORA E CONFEITARIA SANTELMO LTDA toma todas as medidas necess\u00e1rias para proteger nossos usu\u00e1rios de qualquer malware ou bugs ou outros itens de natureza destrutiva, no entanto a PANIFICADORA E CONFEITARIA SANTELMO LTDA n\u00e3o pode garantir que este Site esteja livre de malware ou bugs e outros itens de natureza destrutiva.<\/p>\n\n\n\n<p>Voc\u00ea \u00e9 respons\u00e1vel por implementar procedimentos e verifica\u00e7\u00f5es de v\u00edrus suficientes (incluindo antiv\u00edrus e outras verifica\u00e7\u00f5es de seguran\u00e7a) para satisfazer os requisitos para a precis\u00e3o e seguran\u00e7a da entrada e sa\u00edda de dados.<\/p>\n\n\n\n<p>A PANIFICADORA E CONFEITARIA SANTELMO LTDA n\u00e3o ser\u00e1 respons\u00e1vel por danos, perdas (diretas, indiretas ou consequentes), despesas, passivos, perdas de lucros ou custos resultantes do uso, acesso ou depend\u00eancia das informa\u00e7\u00f5es fornecidas por seus funcion\u00e1rios, agentes ou subcontratados em rela\u00e7\u00e3o, contidos ou dispon\u00edveis atrav\u00e9s do seu Site.<\/p>\n\n\n\n<ol class=\"wp-block-list\" start=\"8\">\n<li><strong>Links de e para outros sites<\/strong><\/li>\n<\/ol>\n\n\n\n<p>Em todos os casos em que nosso site cont\u00e9m links para outros sites e recursos fornecidos por terceiros, esses links s\u00e3o fornecidos apenas para suas informa\u00e7\u00f5es e n\u00e3o representam um endosso. N\u00e3o temos controle sobre o conte\u00fado desses sites ou recursos e, como tal, n\u00e3o fazemos garantias ou afirma\u00e7\u00f5es quanto ao seu conte\u00fado, nem a PANIFICADORA E CONFEITARIA SANTELMO LTDA, tem qualquer responsabilidade em rela\u00e7\u00e3o a qualquer um deles (incluindo, mas n\u00e3o se limitando a, responsabilidade decorrente de qualquer alega\u00e7\u00e3o de que o conte\u00fado de qualquer site de terceiros infringe qualquer lei ou os direitos de qualquer pessoa ou \u00e9 obsceno, difamat\u00f3rio ou escandaloso).<\/p>\n\n\n\n<ol class=\"wp-block-list\" start=\"9\">\n<li><strong>Dados pessoais<\/strong><\/li>\n<\/ol>\n\n\n\n<p>A PANIFICADORA E CONFEITARIA SANTELMO LTDA estar\u00e1 processando seus dados pessoais de acordo com a Lei Geral de Prote\u00e7\u00e3o de Dados (&#8220;LGPD&#8221;) e leis adicionais de prote\u00e7\u00e3o de dados. Para saber mais sobre como usamos seus dados pessoais, voc\u00ea pode acessar nossa Pol\u00edtica de Privacidade do site aqui: [ LINK PARA Pol\u00edtica de Privacidade do Site]<\/p>\n\n\n\n<ol class=\"wp-block-list\" start=\"10\">\n<li><strong>Direito e Jurisdi\u00e7\u00e3o<\/strong><\/li>\n<\/ol>\n\n\n\n<p>Este acordo e qualquer disputa decorrente dele ser\u00e1 regido pela lei brasileira. Qualquer disputa ou reclama\u00e7\u00e3o decorrente ou em conex\u00e3o com este acordo ou sua forma\u00e7\u00e3o (incluindo disputas ou reivindica\u00e7\u00f5es n\u00e3o contratuais) estar\u00e1 sujeita \u00e0 jurisdi\u00e7\u00e3o exclusiva dos tribunais brasileiros.<\/p>\n\n\n\n<ol class=\"wp-block-list\" start=\"11\">\n<li><strong>Entre em contato conosco<\/strong><\/li>\n<\/ol>\n\n\n\n<p>Voc\u00ea pode entrar em contato conosco em:<br>Endere\u00e7o: Endere\u00e7o: Rua Moacir Sampaio, 975 &#8211; Santa Catarina \/ Florian\u00f3polis<br>Telefone: 49 3563 3264<br>E-mail: lgpd@panificadorasantelmo.com.br<\/p>\n","protected":false},"excerpt":{"rendered":"<p>O acesso e o uso da URL do site (https:\/\/www.panificadorasantelmo.com.br) \u00e9 fornecido por PANIFICADORA E CONFEITARIA SANTELMO LTDA nos termos e condi\u00e7\u00f5es [&hellip;]<\/p>\n","protected":false},"author":1,"featured_media":0,"parent":0,"menu_order":0,"comment_status":"closed","ping_status":"closed","template":"","meta":{"footnotes":""},"class_list":["post-1935","page","type-page","status-publish","hentry"],"_links":{"self":[{"href":"https:\/\/www.panificadorasantelmo.com.br\/site\/wp-json\/wp\/v2\/pages\/1935","targetHints":{"allow":["GET"]}}],"collection":[{"href":"https:\/\/www.panificadorasantelmo.com.br\/site\/wp-json\/wp\/v2\/pages"}],"about":[{"href":"https:\/\/www.panificadorasantelmo.com.br\/site\/wp-json\/wp\/v2\/types\/page"}],"author":[{"embeddable":true,"href":"https:\/\/www.panificadorasantelmo.com.br\/site\/wp-json\/wp\/v2\/users\/1"}],"replies":[{"embeddable":true,"href":"https:\/\/www.panificadorasantelmo.com.br\/site\/wp-json\/wp\/v2\/comments?post=1935"}],"version-history":[{"count":0,"href":"https:\/\/www.panificadorasantelmo.com.br\/site\/wp-json\/wp\/v2\/pages\/1935\/revisions"}],"wp:attachment":[{"href":"https:\/\/www.panificadorasantelmo.com.br\/site\/wp-json\/wp\/v2\/media?parent=1935"}],"curies":[{"name":"wp","href":"https:\/\/api.w.org\/{rel}","templated":true}]}}