{"id":1720,"date":"2021-06-22T18:46:50","date_gmt":"2021-06-22T21:46:50","guid":{"rendered":"https:\/\/www.panificadorasantelmo.com.br\/site\/?page_id=1720"},"modified":"2021-06-22T18:49:12","modified_gmt":"2021-06-22T21:49:12","slug":"receita6","status":"publish","type":"page","link":"https:\/\/www.panificadorasantelmo.com.br\/site\/receita6\/","title":{"rendered":"RECEITA6"},"content":{"rendered":"\t\t<div data-elementor-type=\"wp-page\" data-elementor-id=\"1720\" class=\"elementor elementor-1720\" data-elementor-post-type=\"page\">\n\t\t\t\t\t\t<section class=\"elementor-section elementor-top-section elementor-element elementor-element-30e163cd elementor-section-height-min-height elementor-section-boxed elementor-section-height-default elementor-section-items-middle\" data-id=\"30e163cd\" data-element_type=\"section\" data-e-type=\"section\" data-settings=\"{&quot;background_background&quot;:&quot;classic&quot;}\">\n\t\t\t\t\t\t\t<div class=\"elementor-background-overlay\"><\/div>\n\t\t\t\t\t\t\t<div class=\"elementor-container elementor-column-gap-default\">\n\t\t\t\t\t<div class=\"elementor-column elementor-col-100 elementor-top-column elementor-element elementor-element-1f30fe3d\" data-id=\"1f30fe3d\" data-element_type=\"column\" data-e-type=\"column\">\n\t\t\t<div class=\"elementor-widget-wrap elementor-element-populated\">\n\t\t\t\t\t\t<div class=\"elementor-element elementor-element-b1ffe99 elementor-widget elementor-widget-heading\" data-id=\"b1ffe99\" data-element_type=\"widget\" data-e-type=\"widget\" data-widget_type=\"heading.default\">\n\t\t\t\t<div class=\"elementor-widget-container\">\n\t\t\t\t\t<h2 class=\"elementor-heading-title elementor-size-default\">Receitas<\/h2>\t\t\t\t<\/div>\n\t\t\t\t<\/div>\n\t\t\t\t\t<\/div>\n\t\t<\/div>\n\t\t\t\t\t<\/div>\n\t\t<\/section>\n\t\t\t\t<section class=\"elementor-section elementor-top-section elementor-element elementor-element-6e36d3b2 elementor-section-boxed elementor-section-height-default elementor-section-height-default\" data-id=\"6e36d3b2\" data-element_type=\"section\" data-e-type=\"section\">\n\t\t\t\t\t\t<div class=\"elementor-container elementor-column-gap-default\">\n\t\t\t\t\t<div class=\"elementor-column elementor-col-50 elementor-top-column elementor-element elementor-element-583a07e7\" data-id=\"583a07e7\" data-element_type=\"column\" data-e-type=\"column\">\n\t\t\t<div class=\"elementor-widget-wrap elementor-element-populated\">\n\t\t\t\t\t\t<div class=\"elementor-element elementor-element-5312e4e elementor-widget elementor-widget-image\" data-id=\"5312e4e\" data-element_type=\"widget\" data-e-type=\"widget\" data-widget_type=\"image.default\">\n\t\t\t\t<div class=\"elementor-widget-container\">\n\t\t\t\t\t\t\t\t\t\t\t\t\t\t\t<img fetchpriority=\"high\" decoding=\"async\" width=\"895\" height=\"597\" src=\"https:\/\/www.panificadorasantelmo.com.br\/site\/wp-content\/uploads\/2021\/06\/dani-noce-bigode-cozinha-receita-bombom-travessa-chocolate-morango-imagem-destaque.jpg\" class=\"attachment-1536x1536 size-1536x1536 wp-image-969\" alt=\"\" srcset=\"https:\/\/www.panificadorasantelmo.com.br\/site\/wp-content\/uploads\/2021\/06\/dani-noce-bigode-cozinha-receita-bombom-travessa-chocolate-morango-imagem-destaque.jpg 895w, https:\/\/www.panificadorasantelmo.com.br\/site\/wp-content\/uploads\/2021\/06\/dani-noce-bigode-cozinha-receita-bombom-travessa-chocolate-morango-imagem-destaque-300x200.jpg 300w, https:\/\/www.panificadorasantelmo.com.br\/site\/wp-content\/uploads\/2021\/06\/dani-noce-bigode-cozinha-receita-bombom-travessa-chocolate-morango-imagem-destaque-768x512.jpg 768w, https:\/\/www.panificadorasantelmo.com.br\/site\/wp-content\/uploads\/2021\/06\/dani-noce-bigode-cozinha-receita-bombom-travessa-chocolate-morango-imagem-destaque-830x554.jpg 830w, https:\/\/www.panificadorasantelmo.com.br\/site\/wp-content\/uploads\/2021\/06\/dani-noce-bigode-cozinha-receita-bombom-travessa-chocolate-morango-imagem-destaque-230x153.jpg 230w, https:\/\/www.panificadorasantelmo.com.br\/site\/wp-content\/uploads\/2021\/06\/dani-noce-bigode-cozinha-receita-bombom-travessa-chocolate-morango-imagem-destaque-350x233.jpg 350w, https:\/\/www.panificadorasantelmo.com.br\/site\/wp-content\/uploads\/2021\/06\/dani-noce-bigode-cozinha-receita-bombom-travessa-chocolate-morango-imagem-destaque-480x320.jpg 480w\" sizes=\"(max-width: 895px) 100vw, 895px\" \/>\t\t\t\t\t\t\t\t\t\t\t\t\t\t\t<\/div>\n\t\t\t\t<\/div>\n\t\t\t\t<div class=\"elementor-element elementor-element-edeecc5 elementor-widget elementor-widget-text-editor\" data-id=\"edeecc5\" data-element_type=\"widget\" data-e-type=\"widget\" data-widget_type=\"text-editor.default\">\n\t\t\t\t<div class=\"elementor-widget-container\">\n\t\t\t\t\t\t\t\t\t<h1 class=\"tituloReceitasDicas\">BOMBOM DE TRAVESSA<\/h1><h2 class=\"ingredientes\">Dica:<\/h2><p>Voc\u00ea que \u00e9 f\u00e3 de chocolate, essa \u00e9 uma \u00f3tima op\u00e7\u00e3o.<\/p><h2 class=\"ingredientes\">Ingredientes:<\/h2><ul><li>250g de chocolate ao leite<\/li><li>250g de chocolate meio amargo<\/li><li>2 latas de leite condensado<\/li><li>2 latas de creme de leite<\/li><li>2 colheres de margarina<\/li><li>2 caixas de morango<\/li><\/ul><h2>\u00a0<\/h2><h2 class=\"ingredientes\">Modo de preparo:<\/h2><ol><li>Colocar as latas de leite condensado em uma panela com a manteiga e fazer uma massa como um brigadeiro mole<\/li><li>Colocar em uma travessa, e por cima deste brigadeiro mole colocar os morangos cortados ao meio<\/li><li>Reserve para fazer a cobertura<\/li><li>Para fazer a cobertura, rale o chocolate ao leite e meio amargo e misture o creme de leite<\/li><li>Misturar e colocar no microondas durante 1 minuto<\/li><li>Retirar e mexer<\/li><li>Colocar de novo no microondas por mais 1 minuto<\/li><li>Despejar a cobertura por cima dos morangos e levar \u00e0 geladeira, coberta por papel filme<\/li><\/ol>\t\t\t\t\t\t\t\t<\/div>\n\t\t\t\t<\/div>\n\t\t\t\t\t<\/div>\n\t\t<\/div>\n\t\t\t\t<div class=\"elementor-column elementor-col-50 elementor-top-column elementor-element elementor-element-7be37797\" data-id=\"7be37797\" data-element_type=\"column\" data-e-type=\"column\">\n\t\t\t<div class=\"elementor-widget-wrap elementor-element-populated\">\n\t\t\t\t\t\t<div class=\"elementor-element elementor-element-69952efb elementor-widget elementor-widget-heading\" data-id=\"69952efb\" data-element_type=\"widget\" data-e-type=\"widget\" data-widget_type=\"heading.default\">\n\t\t\t\t<div class=\"elementor-widget-container\">\n\t\t\t\t\t<h2 class=\"elementor-heading-title elementor-size-default\">mais receitas<\/h2>\t\t\t\t<\/div>\n\t\t\t\t<\/div>\n\t\t\t\t<div class=\"elementor-element elementor-element-f8da4d4 elementor-cta--skin-cover elementor-animated-content elementor-bg-transform elementor-bg-transform-zoom-in elementor-widget elementor-widget-call-to-action\" data-id=\"f8da4d4\" data-element_type=\"widget\" data-e-type=\"widget\" data-widget_type=\"call-to-action.default\">\n\t\t\t\t<div class=\"elementor-widget-container\">\n\t\t\t\t\t\t\t<div class=\"elementor-cta\">\n\t\t\t\t\t<div class=\"elementor-cta__bg-wrapper\">\n\t\t\t\t<div class=\"elementor-cta__bg elementor-bg\" style=\"background-image: url(https:\/\/www.panificadorasantelmo.com.br\/site\/wp-content\/uploads\/2021\/06\/9999210s1280h960-1024x768.jpg);\" role=\"img\" aria-label=\"9999210=s1280=h960\"><\/div>\n\t\t\t\t<div class=\"elementor-cta__bg-overlay\"><\/div>\n\t\t\t<\/div>\n\t\t\t\t\t\t\t<div class=\"elementor-cta__content\">\n\t\t\t\t\n\t\t\t\t\t\t\t\t\t<h2 class=\"elementor-cta__title elementor-cta__content-item elementor-content-item elementor-animated-item--grow\">\n\t\t\t\t\t\tTORTA DOCE DE BANANA\t\t\t\t\t<\/h2>\n\t\t\t\t\n\t\t\t\t\n\t\t\t\t\t\t\t\t\t<div class=\"elementor-cta__button-wrapper elementor-cta__content-item elementor-content-item elementor-animated-item--grow\">\n\t\t\t\t\t<a class=\"elementor-cta__button elementor-button elementor-size-\">\n\t\t\t\t\t\tClique aqui\t\t\t\t\t<\/a>\n\t\t\t\t\t<\/div>\n\t\t\t\t\t\t\t<\/div>\n\t\t\t\t\t\t<\/div>\n\t\t\t\t\t\t<\/div>\n\t\t\t\t<\/div>\n\t\t\t\t<div class=\"elementor-element elementor-element-939fdab elementor-cta--skin-cover elementor-animated-content elementor-bg-transform elementor-bg-transform-zoom-in elementor-widget elementor-widget-call-to-action\" data-id=\"939fdab\" data-element_type=\"widget\" data-e-type=\"widget\" data-widget_type=\"call-to-action.default\">\n\t\t\t\t<div class=\"elementor-widget-container\">\n\t\t\t\t\t\t\t<div class=\"elementor-cta\">\n\t\t\t\t\t<div class=\"elementor-cta__bg-wrapper\">\n\t\t\t\t<div class=\"elementor-cta__bg elementor-bg\" style=\"background-image: url(https:\/\/www.panificadorasantelmo.com.br\/site\/wp-content\/uploads\/2021\/06\/download-1.jpg);\" role=\"img\" aria-label=\"download (1)\"><\/div>\n\t\t\t\t<div class=\"elementor-cta__bg-overlay\"><\/div>\n\t\t\t<\/div>\n\t\t\t\t\t\t\t<div class=\"elementor-cta__content\">\n\t\t\t\t\n\t\t\t\t\t\t\t\t\t<h2 class=\"elementor-cta__title elementor-cta__content-item elementor-content-item elementor-animated-item--grow\">\n\t\t\t\t\t\tPAVE DE BAUNILHA E CHOCOLATE\t\t\t\t\t<\/h2>\n\t\t\t\t\n\t\t\t\t\n\t\t\t\t\t\t\t\t\t<div class=\"elementor-cta__button-wrapper elementor-cta__content-item elementor-content-item elementor-animated-item--grow\">\n\t\t\t\t\t<a class=\"elementor-cta__button elementor-button elementor-size-\">\n\t\t\t\t\t\tClique aqui\t\t\t\t\t<\/a>\n\t\t\t\t\t<\/div>\n\t\t\t\t\t\t\t<\/div>\n\t\t\t\t\t\t<\/div>\n\t\t\t\t\t\t<\/div>\n\t\t\t\t<\/div>\n\t\t\t\t<div class=\"elementor-element elementor-element-ebd4c5d elementor-cta--skin-cover elementor-animated-content elementor-bg-transform elementor-bg-transform-zoom-in elementor-widget elementor-widget-call-to-action\" data-id=\"ebd4c5d\" data-element_type=\"widget\" data-e-type=\"widget\" data-widget_type=\"call-to-action.default\">\n\t\t\t\t<div class=\"elementor-widget-container\">\n\t\t\t\t\t\t\t<div class=\"elementor-cta\">\n\t\t\t\t\t<div class=\"elementor-cta__bg-wrapper\">\n\t\t\t\t<div class=\"elementor-cta__bg elementor-bg\" style=\"background-image: url(https:\/\/www.panificadorasantelmo.com.br\/site\/wp-content\/uploads\/2021\/06\/torta-de-limao.jpg);\" role=\"img\" aria-label=\"torta-de-limao\"><\/div>\n\t\t\t\t<div class=\"elementor-cta__bg-overlay\"><\/div>\n\t\t\t<\/div>\n\t\t\t\t\t\t\t<div class=\"elementor-cta__content\">\n\t\t\t\t\n\t\t\t\t\t\t\t\t\t<h2 class=\"elementor-cta__title elementor-cta__content-item elementor-content-item elementor-animated-item--grow\">\n\t\t\t\t\t\tTORTA DE LIM\u00c3O\t\t\t\t\t<\/h2>\n\t\t\t\t\n\t\t\t\t\n\t\t\t\t\t\t\t\t\t<div class=\"elementor-cta__button-wrapper elementor-cta__content-item elementor-content-item elementor-animated-item--grow\">\n\t\t\t\t\t<a class=\"elementor-cta__button elementor-button elementor-size-\">\n\t\t\t\t\t\tClique aqui\t\t\t\t\t<\/a>\n\t\t\t\t\t<\/div>\n\t\t\t\t\t\t\t<\/div>\n\t\t\t\t\t\t<\/div>\n\t\t\t\t\t\t<\/div>\n\t\t\t\t<\/div>\n\t\t\t\t\t<\/div>\n\t\t<\/div>\n\t\t\t\t\t<\/div>\n\t\t<\/section>\n\t\t\t\t<section class=\"elementor-section elementor-top-section elementor-element elementor-element-6fa82075 elementor-section-boxed elementor-section-height-default elementor-section-height-default\" data-id=\"6fa82075\" data-element_type=\"section\" data-e-type=\"section\">\n\t\t\t\t\t\t<div class=\"elementor-container elementor-column-gap-default\">\n\t\t\t\t\t<div class=\"elementor-column elementor-col-100 elementor-top-column elementor-element elementor-element-ff3619\" data-id=\"ff3619\" data-element_type=\"column\" data-e-type=\"column\">\n\t\t\t<div class=\"elementor-widget-wrap elementor-element-populated\">\n\t\t\t\t\t\t<div class=\"elementor-element elementor-element-63fda873 elementor-post-navigation-borders-yes elementor-widget elementor-widget-post-navigation\" data-id=\"63fda873\" data-element_type=\"widget\" data-e-type=\"widget\" data-widget_type=\"post-navigation.default\">\n\t\t\t\t<div class=\"elementor-widget-container\">\n\t\t\t\t\t\t\t<div class=\"elementor-post-navigation\">\n\t\t\t<div class=\"elementor-post-navigation__prev elementor-post-navigation__link\">\n\t\t\t\t<a href=\"https:\/\/www.panificadorasantelmo.com.br\/site\/receita5\/\" rel=\"prev\"><span class=\"post-navigation__arrow-wrapper post-navigation__arrow-prev\"><i class=\"fa fa-angle-double-left\" aria-hidden=\"true\"><\/i><span class=\"elementor-screen-only\">Anterior<\/span><\/span><span class=\"elementor-post-navigation__link__prev\"><span class=\"post-navigation__prev--label\"><\/span><span class=\"post-navigation__prev--title\">RECEITA5<\/span><\/span><\/a>\t\t\t<\/div>\n\t\t\t\t\t\t\t<div class=\"elementor-post-navigation__separator-wrapper\">\n\t\t\t\t\t<div class=\"elementor-post-navigation__separator\"><\/div>\n\t\t\t\t<\/div>\n\t\t\t\t\t\t<div class=\"elementor-post-navigation__next elementor-post-navigation__link\">\n\t\t\t\t<a href=\"https:\/\/www.panificadorasantelmo.com.br\/site\/receita7\/\" rel=\"next\"><span class=\"elementor-post-navigation__link__next\"><span class=\"post-navigation__next--label\"><\/span><span class=\"post-navigation__next--title\">RECEITA7<\/span><\/span><span class=\"post-navigation__arrow-wrapper post-navigation__arrow-next\"><i class=\"fa fa-angle-double-right\" aria-hidden=\"true\"><\/i><span class=\"elementor-screen-only\">Pr\u00f3ximo<\/span><\/span><\/a>\t\t\t<\/div>\n\t\t<\/div>\n\t\t\t\t\t\t<\/div>\n\t\t\t\t<\/div>\n\t\t\t\t\t<\/div>\n\t\t<\/div>\n\t\t\t\t\t<\/div>\n\t\t<\/section>\n\t\t\t\t<\/div>\n\t\t","protected":false},"excerpt":{"rendered":"<p>Receitas BOMBOM DE TRAVESSA Dica: Voc\u00ea que \u00e9 f\u00e3 de chocolate, essa \u00e9 uma \u00f3tima op\u00e7\u00e3o. Ingredientes: 250g de chocolate ao leite [&hellip;]<\/p>\n","protected":false},"author":1,"featured_media":0,"parent":0,"menu_order":0,"comment_status":"closed","ping_status":"closed","template":"elementor_canvas","meta":{"footnotes":""},"class_list":["post-1720","page","type-page","status-publish","hentry"],"_links":{"self":[{"href":"https:\/\/www.panificadorasantelmo.com.br\/site\/wp-json\/wp\/v2\/pages\/1720","targetHints":{"allow":["GET"]}}],"collection":[{"href":"https:\/\/www.panificadorasantelmo.com.br\/site\/wp-json\/wp\/v2\/pages"}],"about":[{"href":"https:\/\/www.panificadorasantelmo.com.br\/site\/wp-json\/wp\/v2\/types\/page"}],"author":[{"embeddable":true,"href":"https:\/\/www.panificadorasantelmo.com.br\/site\/wp-json\/wp\/v2\/users\/1"}],"replies":[{"embeddable":true,"href":"https:\/\/www.panificadorasantelmo.com.br\/site\/wp-json\/wp\/v2\/comments?post=1720"}],"version-history":[{"count":0,"href":"https:\/\/www.panificadorasantelmo.com.br\/site\/wp-json\/wp\/v2\/pages\/1720\/revisions"}],"wp:attachment":[{"href":"https:\/\/www.panificadorasantelmo.com.br\/site\/wp-json\/wp\/v2\/media?parent=1720"}],"curies":[{"name":"wp","href":"https:\/\/api.w.org\/{rel}","templated":true}]}}